{"id":687,"date":"2022-04-16T11:55:09","date_gmt":"2022-04-16T10:55:09","guid":{"rendered":"http:\/\/www.ganzheitlichepraxis-ennstal.at\/cms\/?page_id=687"},"modified":"2022-04-18T11:39:49","modified_gmt":"2022-04-18T10:39:49","slug":"schuesslersalz-beratung","status":"publish","type":"page","link":"https:\/\/www.ganzheitlichepraxis-ennstal.at\/cms\/schuesslersalz-beratung\/","title":{"rendered":"Mineralsalz-Beratung"},"content":{"rendered":"\n<div class=\"wp-block-themeisle-blocks-advanced-columns has-2-columns has-desktop-twoOne-layout has-tablet-equal-layout has-mobile-collapsedRows-layout has-default-gap has-vertical-unset\" id=\"wp-block-themeisle-blocks-advanced-columns-e30ff47e\"><div class=\"wp-block-themeisle-blocks-advanced-columns-overlay\"><\/div><div class=\"innerblocks-wrap\">\n<div class=\"wp-block-themeisle-blocks-advanced-column\" id=\"wp-block-themeisle-blocks-advanced-column-d16dbb8c\">\n<p><strong>Mineralsalzberatung nach Dr. Sch\u00fcssler inkl. Antlitzanalyse<\/strong> <br>nach Kurt Hickethier<\/p>\n\n\n\n<p>In einem pers\u00f6nlichen Gespr\u00e4ch ermitteln wir ihren Bedarf an Mineralsalzen nach Dr. Sch\u00fcssler und stellen auf Wunsch eine fl\u00fcssige Mineralsolemischung her. Diese wird vom K\u00f6rper schneller aufgenommen, als Salze auf Milchzucker-Basis. Sie ist sowohl f\u00fcr Babys, Kinder, Schwangere und Allergiker geeignet.<\/p>\n\n\n\n<p>Ein Hilfsmittel zur Ermittlung des Bedarfs, stellt die Antlitzanalyse nach Kurt Hickethier dar, bei der bestimmte Zeichen und F\u00e4rbungen im Gesicht dem Bedarf zugeordnet werden. <\/p>\n\n\n\n<p>Diese Anzeichen im \u00e4u\u00dferen Erscheinungsbild geben schon lange bevor eine Krankheit oder k\u00f6rperliche Beschwerden auftreten k\u00f6nnen, Hinweis auf einen Mangel an Mineralstoffen.<\/p>\n\n\n\n<p>Mineralsalze stellen eine optimale M\u00f6glichkeit zur Pr\u00e4vention von Krankheit und Erhaltung der Gesundheit dar.<\/p>\n\n\n\n<p>Dauer der Beratung: ca. 60min.<\/p>\n\n\n\n<p><br><strong>Beratung durch: <\/strong><br>&#8211; Dipl. Mineralstoffberaterin <br>  Roswitha Habacher<br>&#8211; Dipl. Mineralstoffberaterin <br>  Ruth Barbara Br\u00fcckler, MSc<\/p>\n<\/div>\n\n\n\n<div class=\"wp-block-themeisle-blocks-advanced-column\" id=\"wp-block-themeisle-blocks-advanced-column-b08bfe26\"><\/div>\n<\/div><\/div>\n","protected":false},"excerpt":{"rendered":"","protected":false},"author":4,"featured_media":0,"parent":0,"menu_order":0,"comment_status":"closed","ping_status":"closed","template":"","meta":{"footnotes":""},"class_list":["post-687","page","type-page","status-publish","hentry"],"_links":{"self":[{"href":"https:\/\/www.ganzheitlichepraxis-ennstal.at\/cms\/wp-json\/wp\/v2\/pages\/687","targetHints":{"allow":["GET"]}}],"collection":[{"href":"https:\/\/www.ganzheitlichepraxis-ennstal.at\/cms\/wp-json\/wp\/v2\/pages"}],"about":[{"href":"https:\/\/www.ganzheitlichepraxis-ennstal.at\/cms\/wp-json\/wp\/v2\/types\/page"}],"author":[{"embeddable":true,"href":"https:\/\/www.ganzheitlichepraxis-ennstal.at\/cms\/wp-json\/wp\/v2\/users\/4"}],"replies":[{"embeddable":true,"href":"https:\/\/www.ganzheitlichepraxis-ennstal.at\/cms\/wp-json\/wp\/v2\/comments?post=687"}],"version-history":[{"count":3,"href":"https:\/\/www.ganzheitlichepraxis-ennstal.at\/cms\/wp-json\/wp\/v2\/pages\/687\/revisions"}],"predecessor-version":[{"id":704,"href":"https:\/\/www.ganzheitlichepraxis-ennstal.at\/cms\/wp-json\/wp\/v2\/pages\/687\/revisions\/704"}],"wp:attachment":[{"href":"https:\/\/www.ganzheitlichepraxis-ennstal.at\/cms\/wp-json\/wp\/v2\/media?parent=687"}],"curies":[{"name":"wp","href":"https:\/\/api.w.org\/{rel}","templated":true}]}}