{"id":678,"date":"2022-04-16T07:36:25","date_gmt":"2022-04-16T06:36:25","guid":{"rendered":"http:\/\/www.ganzheitlichepraxis-ennstal.at\/cms\/?page_id=678"},"modified":"2022-04-16T12:47:31","modified_gmt":"2022-04-16T11:47:31","slug":"bachblueten-beratung","status":"publish","type":"page","link":"https:\/\/www.ganzheitlichepraxis-ennstal.at\/cms\/bachblueten-beratung\/","title":{"rendered":"Bachbl\u00fcten-Beratung"},"content":{"rendered":"\n<div class=\"wp-block-themeisle-blocks-advanced-columns has-2-columns has-desktop-equal-layout has-tablet-equal-layout has-mobile-collapsedRows-layout has-default-gap has-vertical-unset\" id=\"wp-block-themeisle-blocks-advanced-columns-70c96aae\"><div class=\"wp-block-themeisle-blocks-advanced-columns-overlay\"><\/div><div class=\"innerblocks-wrap\">\n<div class=\"wp-block-themeisle-blocks-advanced-column\" id=\"wp-block-themeisle-blocks-advanced-column-1c1d476f\">\n<p>Stress, (Pr\u00fcfungs-) Angst, Unsicherheit, Traurigkeit, \u00dcberlastung, Verzweiflung, Wut, Ungeduld, Selbstzweifel, Antriebslosigkeit, Gedankenkreisen uvm. stellen negative Gem\u00fctszust\u00e4nde dar. Sie k\u00f6nnen mit Bachbl\u00fcten dauerhaft und erfolgreich harmonisiert werden.<\/p>\n<\/div>\n\n\n\n<div class=\"wp-block-themeisle-blocks-advanced-column\" id=\"wp-block-themeisle-blocks-advanced-column-9f722a69\">\n<div class=\"wp-block-image is-style-rounded\"><figure class=\"aligncenter size-large\"><img loading=\"lazy\" decoding=\"async\" width=\"1024\" height=\"1024\" src=\"https:\/\/www.ganzheitlichepraxis-ennstal.at\/cms\/wp-content\/uploads\/2022\/04\/Rose-Good-Morning-Coffee-Bed-Flowers-Instagram-Post-1024x1024.png\" alt=\"\" class=\"wp-image-679\" srcset=\"https:\/\/www.ganzheitlichepraxis-ennstal.at\/cms\/wp-content\/uploads\/2022\/04\/Rose-Good-Morning-Coffee-Bed-Flowers-Instagram-Post-1024x1024.png 1024w, https:\/\/www.ganzheitlichepraxis-ennstal.at\/cms\/wp-content\/uploads\/2022\/04\/Rose-Good-Morning-Coffee-Bed-Flowers-Instagram-Post-300x300.png 300w, https:\/\/www.ganzheitlichepraxis-ennstal.at\/cms\/wp-content\/uploads\/2022\/04\/Rose-Good-Morning-Coffee-Bed-Flowers-Instagram-Post-150x150.png 150w, https:\/\/www.ganzheitlichepraxis-ennstal.at\/cms\/wp-content\/uploads\/2022\/04\/Rose-Good-Morning-Coffee-Bed-Flowers-Instagram-Post-768x768.png 768w, https:\/\/www.ganzheitlichepraxis-ennstal.at\/cms\/wp-content\/uploads\/2022\/04\/Rose-Good-Morning-Coffee-Bed-Flowers-Instagram-Post.png 1080w\" sizes=\"auto, (max-width: 1024px) 100vw, 1024px\" \/><\/figure><\/div>\n<\/div>\n<\/div><\/div>\n\n\n\n<p>Begr\u00fcndet auf den Theorien von Dr. Edward Bach und Dietmar Kr\u00e4mer kommen in unserer Praxis 37 Bl\u00fctenessenzen und ein Auszug aus Quellwasser, zur Wiederherstellung von innerem Gleichgewicht zum Einsatz.<\/p>\n\n\n\n<p>Bei l\u00e4nger bestehenden Themen, ist f\u00fcr die Bachbl\u00fcten-Einnahme ein professionelles Beratungsgespr\u00e4ch erforderlich. Dieses dauert in der Regel 60-90 min. und findet im wiederkehrenden Abstand von vier Wochen statt.<\/p>\n\n\n\n<p>Bachbl\u00fcten sind nat\u00fcrlich und nebenwirkungsfrei. Sie sind auch f\u00fcr Babys, Kinder und Schwangere geeignet. Bachbl\u00fcten unterliegen den Standesregeln der Humanenergetik.<\/p>\n\n\n\n<p><strong>Beratung durch:<\/strong><br>Dipl. Bachbl\u00fctenberaterin<br>Ruth Barbara Br\u00fcckler, MSc<\/p>\n\n\n\n<p> <\/p>\n\n\n\n<div class=\"wp-block-image\"><figure class=\"aligncenter size-large\"><img loading=\"lazy\" decoding=\"async\" width=\"1024\" height=\"1024\" src=\"https:\/\/www.ganzheitlichepraxis-ennstal.at\/cms\/wp-content\/uploads\/2022\/04\/Kopie-von-Rose-Good-Morning-Coffee-Bed-Flowers-Instagram-Post-3-1024x1024.png\" alt=\"\" class=\"wp-image-699\" srcset=\"https:\/\/www.ganzheitlichepraxis-ennstal.at\/cms\/wp-content\/uploads\/2022\/04\/Kopie-von-Rose-Good-Morning-Coffee-Bed-Flowers-Instagram-Post-3-1024x1024.png 1024w, https:\/\/www.ganzheitlichepraxis-ennstal.at\/cms\/wp-content\/uploads\/2022\/04\/Kopie-von-Rose-Good-Morning-Coffee-Bed-Flowers-Instagram-Post-3-300x300.png 300w, https:\/\/www.ganzheitlichepraxis-ennstal.at\/cms\/wp-content\/uploads\/2022\/04\/Kopie-von-Rose-Good-Morning-Coffee-Bed-Flowers-Instagram-Post-3-150x150.png 150w, https:\/\/www.ganzheitlichepraxis-ennstal.at\/cms\/wp-content\/uploads\/2022\/04\/Kopie-von-Rose-Good-Morning-Coffee-Bed-Flowers-Instagram-Post-3-768x768.png 768w, https:\/\/www.ganzheitlichepraxis-ennstal.at\/cms\/wp-content\/uploads\/2022\/04\/Kopie-von-Rose-Good-Morning-Coffee-Bed-Flowers-Instagram-Post-3.png 1080w\" sizes=\"auto, (max-width: 1024px) 100vw, 1024px\" \/><\/figure><\/div>\n\n\n\n<p> <\/p>\n","protected":false},"excerpt":{"rendered":"<p>Begr\u00fcndet auf den Theorien von Dr. Edward Bach und Dietmar Kr\u00e4mer kommen in unserer Praxis 37 Bl\u00fctenessenzen und ein Auszug aus Quellwasser, zur Wiederherstellung von innerem Gleichgewicht zum Einsatz. Bei l\u00e4nger bestehenden Themen, ist f\u00fcr die Bachbl\u00fcten-Einnahme ein professionelles Beratungsgespr\u00e4ch erforderlich. Dieses dauert in der Regel 60-90 min. und findet [&hellip;]<\/p>\n","protected":false},"author":4,"featured_media":0,"parent":0,"menu_order":0,"comment_status":"closed","ping_status":"closed","template":"","meta":{"footnotes":""},"class_list":["post-678","page","type-page","status-publish","hentry"],"_links":{"self":[{"href":"https:\/\/www.ganzheitlichepraxis-ennstal.at\/cms\/wp-json\/wp\/v2\/pages\/678","targetHints":{"allow":["GET"]}}],"collection":[{"href":"https:\/\/www.ganzheitlichepraxis-ennstal.at\/cms\/wp-json\/wp\/v2\/pages"}],"about":[{"href":"https:\/\/www.ganzheitlichepraxis-ennstal.at\/cms\/wp-json\/wp\/v2\/types\/page"}],"author":[{"embeddable":true,"href":"https:\/\/www.ganzheitlichepraxis-ennstal.at\/cms\/wp-json\/wp\/v2\/users\/4"}],"replies":[{"embeddable":true,"href":"https:\/\/www.ganzheitlichepraxis-ennstal.at\/cms\/wp-json\/wp\/v2\/comments?post=678"}],"version-history":[{"count":8,"href":"https:\/\/www.ganzheitlichepraxis-ennstal.at\/cms\/wp-json\/wp\/v2\/pages\/678\/revisions"}],"predecessor-version":[{"id":703,"href":"https:\/\/www.ganzheitlichepraxis-ennstal.at\/cms\/wp-json\/wp\/v2\/pages\/678\/revisions\/703"}],"wp:attachment":[{"href":"https:\/\/www.ganzheitlichepraxis-ennstal.at\/cms\/wp-json\/wp\/v2\/media?parent=678"}],"curies":[{"name":"wp","href":"https:\/\/api.w.org\/{rel}","templated":true}]}}