{"id":460,"date":"2020-08-29T08:06:00","date_gmt":"2020-08-29T07:06:00","guid":{"rendered":"http:\/\/www.ganzheitlichepraxis-ennstal.at\/cms\/?page_id=460"},"modified":"2020-09-22T20:10:02","modified_gmt":"2020-09-22T19:10:02","slug":"raucherentwoehnung","status":"publish","type":"page","link":"https:\/\/www.ganzheitlichepraxis-ennstal.at\/cms\/raucherentwoehnung\/","title":{"rendered":"Raucherentw\u00f6hnung"},"content":{"rendered":"\n<div class=\"wp-block-media-text alignwide is-stacked-on-mobile is-image-fill\"><figure class=\"wp-block-media-text__media\" style=\"background-image:url(https:\/\/www.ganzheitlichepraxis-ennstal.at\/cms\/wp-content\/uploads\/2020\/08\/pawel-czerwinski-7USMFYqt1NI-unsplash-min-1024x683.jpg);background-position:50% 50%\"><img loading=\"lazy\" decoding=\"async\" width=\"1024\" height=\"683\" src=\"https:\/\/www.ganzheitlichepraxis-ennstal.at\/cms\/wp-content\/uploads\/2020\/08\/pawel-czerwinski-7USMFYqt1NI-unsplash-min-1024x683.jpg\" alt=\"\" class=\"wp-image-501\" srcset=\"https:\/\/www.ganzheitlichepraxis-ennstal.at\/cms\/wp-content\/uploads\/2020\/08\/pawel-czerwinski-7USMFYqt1NI-unsplash-min-1024x683.jpg 1024w, https:\/\/www.ganzheitlichepraxis-ennstal.at\/cms\/wp-content\/uploads\/2020\/08\/pawel-czerwinski-7USMFYqt1NI-unsplash-min-300x200.jpg 300w, https:\/\/www.ganzheitlichepraxis-ennstal.at\/cms\/wp-content\/uploads\/2020\/08\/pawel-czerwinski-7USMFYqt1NI-unsplash-min-768x512.jpg 768w, https:\/\/www.ganzheitlichepraxis-ennstal.at\/cms\/wp-content\/uploads\/2020\/08\/pawel-czerwinski-7USMFYqt1NI-unsplash-min-1536x1024.jpg 1536w, https:\/\/www.ganzheitlichepraxis-ennstal.at\/cms\/wp-content\/uploads\/2020\/08\/pawel-czerwinski-7USMFYqt1NI-unsplash-min-2048x1365.jpg 2048w\" sizes=\"auto, (max-width: 1024px) 100vw, 1024px\" \/><\/figure><div class=\"wp-block-media-text__content\">\n<ul class=\"wp-block-list\"><li>Der Wille zum Aufh\u00f6ren ist da, nur der Gusto ist so gro\u00df?<\/li><li>Mit der Ausleitung der im K\u00f6rper angesammelten Giftstoffe und der Reduktion des Verlangens kommt es zur Verbesserung von Fitness, Kondition, Hautbild und Regenerationsf\u00e4higkeit<\/li><li>Das Verlangen nach der Zigarette wird genommen<\/li><li>Die Gewohnheiten m\u00fcssen jedoch\u00a0selbst in den Griff\u00a0bekommen werden!<\/li><li>Findet im 2-Wochen Rhythmus statt.<\/li><\/ul>\n<\/div><\/div>\n","protected":false},"excerpt":{"rendered":"<p>Der Wille zum Aufh\u00f6ren ist da, nur der Gusto ist so gro\u00df? Mit der Ausleitung der im K\u00f6rper angesammelten Giftstoffe und der Reduktion des Verlangens kommt es zur Verbesserung von Fitness, Kondition, Hautbild und Regenerationsf\u00e4higkeit Das Verlangen nach der Zigarette wird genommen Die Gewohnheiten m\u00fcssen jedoch\u00a0selbst in den Griff\u00a0bekommen werden! [&hellip;]<\/p>\n","protected":false},"author":4,"featured_media":0,"parent":0,"menu_order":0,"comment_status":"closed","ping_status":"closed","template":"","meta":{"footnotes":""},"class_list":["post-460","page","type-page","status-publish","hentry"],"_links":{"self":[{"href":"https:\/\/www.ganzheitlichepraxis-ennstal.at\/cms\/wp-json\/wp\/v2\/pages\/460","targetHints":{"allow":["GET"]}}],"collection":[{"href":"https:\/\/www.ganzheitlichepraxis-ennstal.at\/cms\/wp-json\/wp\/v2\/pages"}],"about":[{"href":"https:\/\/www.ganzheitlichepraxis-ennstal.at\/cms\/wp-json\/wp\/v2\/types\/page"}],"author":[{"embeddable":true,"href":"https:\/\/www.ganzheitlichepraxis-ennstal.at\/cms\/wp-json\/wp\/v2\/users\/4"}],"replies":[{"embeddable":true,"href":"https:\/\/www.ganzheitlichepraxis-ennstal.at\/cms\/wp-json\/wp\/v2\/comments?post=460"}],"version-history":[{"count":3,"href":"https:\/\/www.ganzheitlichepraxis-ennstal.at\/cms\/wp-json\/wp\/v2\/pages\/460\/revisions"}],"predecessor-version":[{"id":653,"href":"https:\/\/www.ganzheitlichepraxis-ennstal.at\/cms\/wp-json\/wp\/v2\/pages\/460\/revisions\/653"}],"wp:attachment":[{"href":"https:\/\/www.ganzheitlichepraxis-ennstal.at\/cms\/wp-json\/wp\/v2\/media?parent=460"}],"curies":[{"name":"wp","href":"https:\/\/api.w.org\/{rel}","templated":true}]}}