{"id":458,"date":"2020-08-29T08:04:00","date_gmt":"2020-08-29T07:04:00","guid":{"rendered":"http:\/\/www.ganzheitlichepraxis-ennstal.at\/cms\/?page_id=458"},"modified":"2020-09-22T20:12:56","modified_gmt":"2020-09-22T19:12:56","slug":"gewichtsreduktion","status":"publish","type":"page","link":"https:\/\/www.ganzheitlichepraxis-ennstal.at\/cms\/gewichtsreduktion\/","title":{"rendered":"Gewichtsreduktion"},"content":{"rendered":"\n<div class=\"wp-block-media-text alignwide is-stacked-on-mobile is-image-fill\" style=\"grid-template-columns:27% auto\"><figure class=\"wp-block-media-text__media\" style=\"background-image:url(https:\/\/www.ganzheitlichepraxis-ennstal.at\/cms\/wp-content\/uploads\/2020\/08\/nadine-primeau-ftWfohtjNw-unsplash-min-677x1024.jpg);background-position:50% 50%\"><img loading=\"lazy\" decoding=\"async\" width=\"677\" height=\"1024\" src=\"https:\/\/www.ganzheitlichepraxis-ennstal.at\/cms\/wp-content\/uploads\/2020\/08\/nadine-primeau-ftWfohtjNw-unsplash-min-677x1024.jpg\" alt=\"\" class=\"wp-image-506\" srcset=\"https:\/\/www.ganzheitlichepraxis-ennstal.at\/cms\/wp-content\/uploads\/2020\/08\/nadine-primeau-ftWfohtjNw-unsplash-min-677x1024.jpg 677w, https:\/\/www.ganzheitlichepraxis-ennstal.at\/cms\/wp-content\/uploads\/2020\/08\/nadine-primeau-ftWfohtjNw-unsplash-min-198x300.jpg 198w, https:\/\/www.ganzheitlichepraxis-ennstal.at\/cms\/wp-content\/uploads\/2020\/08\/nadine-primeau-ftWfohtjNw-unsplash-min-768x1161.jpg 768w, https:\/\/www.ganzheitlichepraxis-ennstal.at\/cms\/wp-content\/uploads\/2020\/08\/nadine-primeau-ftWfohtjNw-unsplash-min-1016x1536.jpg 1016w, https:\/\/www.ganzheitlichepraxis-ennstal.at\/cms\/wp-content\/uploads\/2020\/08\/nadine-primeau-ftWfohtjNw-unsplash-min-1354x2048.jpg 1354w, https:\/\/www.ganzheitlichepraxis-ennstal.at\/cms\/wp-content\/uploads\/2020\/08\/nadine-primeau-ftWfohtjNw-unsplash-min-scaled.jpg 1693w\" sizes=\"auto, (max-width: 677px) 100vw, 677px\" \/><\/figure><div class=\"wp-block-media-text__content\">\n<p><\/p>\n\n\n\n<ul class=\"wp-block-list\"><li>Trotz Di\u00e4t und Sport schaffen es viele Menschen nicht, ihr Wunschgewicht zu erreichen. Schuld daran ist meist der Stoffwechsel, der nicht optimal funktioniert. Viele Faktoren wie z.B. Nahrungsmittelunvertr\u00e4glichkeiten, Blockaden oder Stress k\u00f6nnen die Stoffwechselvorg\u00e4nge aus dem Gleichgewicht bringen.<\/li><li>Es werden energetische Nahrungsmittelunvertr\u00e4glichkeiten ausgetestet und Stoffwechselblockaden gel\u00f6st.<\/li><li>Findet im 2-Wochen Rhythmus statt-<\/li><\/ul>\n<\/div><\/div>\n","protected":false},"excerpt":{"rendered":"<p>Trotz Di\u00e4t und Sport schaffen es viele Menschen nicht, ihr Wunschgewicht zu erreichen. Schuld daran ist meist der Stoffwechsel, der nicht optimal funktioniert. Viele Faktoren wie z.B. Nahrungsmittelunvertr\u00e4glichkeiten, Blockaden oder Stress k\u00f6nnen die Stoffwechselvorg\u00e4nge aus dem Gleichgewicht bringen. Es werden energetische Nahrungsmittelunvertr\u00e4glichkeiten ausgetestet und Stoffwechselblockaden gel\u00f6st. Findet im 2-Wochen Rhythmus [&hellip;]<\/p>\n","protected":false},"author":4,"featured_media":0,"parent":0,"menu_order":0,"comment_status":"closed","ping_status":"closed","template":"","meta":{"footnotes":""},"class_list":["post-458","page","type-page","status-publish","hentry"],"_links":{"self":[{"href":"https:\/\/www.ganzheitlichepraxis-ennstal.at\/cms\/wp-json\/wp\/v2\/pages\/458","targetHints":{"allow":["GET"]}}],"collection":[{"href":"https:\/\/www.ganzheitlichepraxis-ennstal.at\/cms\/wp-json\/wp\/v2\/pages"}],"about":[{"href":"https:\/\/www.ganzheitlichepraxis-ennstal.at\/cms\/wp-json\/wp\/v2\/types\/page"}],"author":[{"embeddable":true,"href":"https:\/\/www.ganzheitlichepraxis-ennstal.at\/cms\/wp-json\/wp\/v2\/users\/4"}],"replies":[{"embeddable":true,"href":"https:\/\/www.ganzheitlichepraxis-ennstal.at\/cms\/wp-json\/wp\/v2\/comments?post=458"}],"version-history":[{"count":6,"href":"https:\/\/www.ganzheitlichepraxis-ennstal.at\/cms\/wp-json\/wp\/v2\/pages\/458\/revisions"}],"predecessor-version":[{"id":655,"href":"https:\/\/www.ganzheitlichepraxis-ennstal.at\/cms\/wp-json\/wp\/v2\/pages\/458\/revisions\/655"}],"wp:attachment":[{"href":"https:\/\/www.ganzheitlichepraxis-ennstal.at\/cms\/wp-json\/wp\/v2\/media?parent=458"}],"curies":[{"name":"wp","href":"https:\/\/api.w.org\/{rel}","templated":true}]}}