{"id":408,"date":"2020-08-29T01:15:00","date_gmt":"2020-08-29T00:15:00","guid":{"rendered":"http:\/\/www.ganzheitlichepraxis-ennstal.at\/cms\/?page_id=408"},"modified":"2023-10-02T18:43:12","modified_gmt":"2023-10-02T17:43:12","slug":"preise","status":"publish","type":"page","link":"https:\/\/www.ganzheitlichepraxis-ennstal.at\/cms\/preise\/","title":{"rendered":"Preise"},"content":{"rendered":"\n<h2 class=\"wp-block-heading\">Klassische Bioresonanz<\/h2>\n\n\n\n<p>Die Erstsitzung bei der klassischen Bioresonanz dauert in der Regel eineinhalb Stunden und kostet \u20ac 140.- <\/p>\n\n\n\n<p>F\u00fcr die Folgesitzung(en) ben\u00f6tigen wir meist 50min. <br>und dies bel\u00e4uft sich auf \u20ac 110.-<\/p>\n\n\n\n<p>Im Rahmen der Bioresonanz-Sitzung wird meist ein Medium <br>z.B. BICOM-Chip, BICOM-\u00d6l, Tropfen oder Globuli bespielt f\u00fcr die wir jeweils \u20ac 10.- pro St\u00fcck in Rechnung stellen d\u00fcrfen.<\/p>\n\n\n\n<p>Wie oft die Sitzungen wiederholt werden, h\u00e4ngt von der Art der Beschwerden ab. Normalerweise sind vier bis sechs Sitzungen erforderlich.<\/p>\n\n\n\n<h2 class=\"wp-block-heading\">Gewichtsreduktion<\/h2>\n\n\n\n<p>F\u00fcr die Erstsitzung empfehlen wir eine klassische Bioresonanz (\u20ac140.-) in Anspruch zu nehmen, danach finden die Sitzungen im zwei Wochen Rhythmus statt und betragen jeweils \u20ac60.-<\/p>\n\n\n\n<h2 class=\"wp-block-heading\">Raucherentw\u00f6hnung<\/h2>\n\n\n\n<p>Auch hier empfehlen wir f\u00fcr die Erstsitzung eine klassische Bioresonanz (\u20ac140.-) in Anspruch zu nehmen, danach finden die Sitzungen im zwei Wochen Rhythmus statt und betragen jeweils \u20ac60.-<\/p>\n\n\n\n<h2 class=\"wp-block-heading\">Bachbl\u00fcten-Beratung<\/h2>\n\n\n\n<p>F\u00fcr die Bachbl\u00fcten-Beratung d\u00fcrfen wir f\u00fcr die Dauer von 50min. 80\u20ac in Rechnung stellen. Ein 30ml Fl\u00e4schchen mit individuell abgestimmten Bachbl\u00fcten bel\u00e4uft sich auf 20\u20ac.<\/p>\n\n\n\n<h2 class=\"wp-block-heading\">Mineralsalz-Beratung<\/h2>\n\n\n\n<p>F\u00fcr die Mineralsalzberatung nach Dr. Sch\u00fcssler inkl. Antlitzanalyse nach Kurt Hickethier, stellen wir f\u00fcr die Dauer von ca. 60min. 60\u20ac in Rechnung, ein fl\u00fcssige Mineralsole-Mischung \u00e1 50ml bel\u00e4uft sich auf 20\u20ac.<\/p>\n","protected":false},"excerpt":{"rendered":"<p>Klassische Bioresonanz Die Erstsitzung bei der klassischen Bioresonanz dauert in der Regel eineinhalb Stunden und kostet \u20ac 140.- F\u00fcr die Folgesitzung(en) ben\u00f6tigen wir meist 50min. und dies bel\u00e4uft sich auf \u20ac 110.- Im Rahmen der Bioresonanz-Sitzung wird meist ein Medium z.B. BICOM-Chip, BICOM-\u00d6l, Tropfen oder Globuli bespielt f\u00fcr die wir [&hellip;]<\/p>\n","protected":false},"author":4,"featured_media":0,"parent":0,"menu_order":0,"comment_status":"closed","ping_status":"closed","template":"","meta":{"footnotes":""},"class_list":["post-408","page","type-page","status-publish","hentry"],"_links":{"self":[{"href":"https:\/\/www.ganzheitlichepraxis-ennstal.at\/cms\/wp-json\/wp\/v2\/pages\/408","targetHints":{"allow":["GET"]}}],"collection":[{"href":"https:\/\/www.ganzheitlichepraxis-ennstal.at\/cms\/wp-json\/wp\/v2\/pages"}],"about":[{"href":"https:\/\/www.ganzheitlichepraxis-ennstal.at\/cms\/wp-json\/wp\/v2\/types\/page"}],"author":[{"embeddable":true,"href":"https:\/\/www.ganzheitlichepraxis-ennstal.at\/cms\/wp-json\/wp\/v2\/users\/4"}],"replies":[{"embeddable":true,"href":"https:\/\/www.ganzheitlichepraxis-ennstal.at\/cms\/wp-json\/wp\/v2\/comments?post=408"}],"version-history":[{"count":7,"href":"https:\/\/www.ganzheitlichepraxis-ennstal.at\/cms\/wp-json\/wp\/v2\/pages\/408\/revisions"}],"predecessor-version":[{"id":731,"href":"https:\/\/www.ganzheitlichepraxis-ennstal.at\/cms\/wp-json\/wp\/v2\/pages\/408\/revisions\/731"}],"wp:attachment":[{"href":"https:\/\/www.ganzheitlichepraxis-ennstal.at\/cms\/wp-json\/wp\/v2\/media?parent=408"}],"curies":[{"name":"wp","href":"https:\/\/api.w.org\/{rel}","templated":true}]}}