{"id":404,"date":"2020-08-29T01:01:00","date_gmt":"2020-08-29T00:01:00","guid":{"rendered":"http:\/\/www.ganzheitlichepraxis-ennstal.at\/cms\/?page_id=404"},"modified":"2020-08-31T05:32:18","modified_gmt":"2020-08-31T04:32:18","slug":"wieder-wohlfuehlen-weiterhin-wohlfuehlen","status":"publish","type":"page","link":"https:\/\/www.ganzheitlichepraxis-ennstal.at\/cms\/","title":{"rendered":"Home"},"content":{"rendered":"\n<h1 class=\"wp-block-heading\">Wieder wohlf\u00fchlen, <br>weiterhin wohlf\u00fchlen?!<\/h1>\n\n\n\n<p><\/p>\n\n\n\n<p><strong>Du bist auf der Suche und m\u00f6chtest dich wieder wohlf\u00fchlen?<\/strong><br>Die Schulmedizin oder andere Methoden konnten dir nur bedingt helfen?<\/p>\n\n\n\n<p><strong>Dann bist du bei uns genau richtig! <br><\/strong><\/p>\n\n\n\n<p>Wir arbeiten mit der Bioresonanz-Methode, die dich <br>nat\u00fcrlich und ohne Chemie, <br>sowie schmerzfrei unterst\u00fctzt, <br>damit du dich wieder wohlf\u00fchlst!<\/p>\n\n\n\n<p>Hier findest du weitere Informationen:<\/p>\n\n\n\n<div class=\"wp-block-columns is-layout-flex wp-container-core-columns-is-layout-1 wp-block-columns-is-layout-flex\">\n<div class=\"wp-block-column is-layout-flow wp-block-column-is-layout-flow\">\n<div class=\"wp-block-buttons is-layout-flex wp-block-buttons-is-layout-flex\">\n<div class=\"wp-block-button\"><a class=\"wp-block-button__link has-luminous-vivid-amber-to-luminous-vivid-orange-gradient-background has-background\" href=\"https:\/\/www.ganzheitlichepraxis-ennstal.at\/cms\/arbeitsweise\/\" style=\"border-radius:7px\">Bioresonanz-Methode<\/a><\/div>\n<\/div>\n<\/div>\n\n\n\n<div class=\"wp-block-column is-layout-flow wp-block-column-is-layout-flow\">\n<div class=\"wp-block-buttons is-layout-flex wp-block-buttons-is-layout-flex\">\n<div class=\"wp-block-button\"><a class=\"wp-block-button__link has-luminous-vivid-amber-to-luminous-vivid-orange-gradient-background has-background\" href=\"https:\/\/www.ganzheitlichepraxis-ennstal.at\/cms\/anwendungsgebiete-2\/\" style=\"border-radius:7px\">Anwendungs-<br>gebiete<\/a><\/div>\n<\/div>\n<\/div>\n\n\n\n<div class=\"wp-block-column is-layout-flow wp-block-column-is-layout-flow\">\n<div class=\"wp-block-buttons is-layout-flex wp-block-buttons-is-layout-flex\">\n<div class=\"wp-block-button\"><a class=\"wp-block-button__link has-background\" href=\"https:\/\/www.ganzheitlichepraxis-ennstal.at\/cms\/preise\/\" style=\"border-radius:7px;background:linear-gradient(90deg,rgba(252,185,0,1) 0%,rgba(255,105,0,1) 100%)\">       Preise      <br><\/a><\/div>\n<\/div>\n<\/div>\n<\/div>\n\n\n\n<p><\/p>\n","protected":false},"excerpt":{"rendered":"<p>Wieder wohlf\u00fchlen, weiterhin wohlf\u00fchlen?! Du bist auf der Suche und m\u00f6chtest dich wieder wohlf\u00fchlen?Die Schulmedizin oder andere Methoden konnten dir nur bedingt helfen? Dann bist du bei uns genau richtig! Wir arbeiten mit der Bioresonanz-Methode, die dich nat\u00fcrlich und ohne Chemie, sowie schmerzfrei unterst\u00fctzt, damit du dich wieder wohlf\u00fchlst! Hier [&hellip;]<\/p>\n","protected":false},"author":4,"featured_media":0,"parent":0,"menu_order":0,"comment_status":"closed","ping_status":"closed","template":"","meta":{"footnotes":""},"class_list":["post-404","page","type-page","status-publish","hentry"],"_links":{"self":[{"href":"https:\/\/www.ganzheitlichepraxis-ennstal.at\/cms\/wp-json\/wp\/v2\/pages\/404","targetHints":{"allow":["GET"]}}],"collection":[{"href":"https:\/\/www.ganzheitlichepraxis-ennstal.at\/cms\/wp-json\/wp\/v2\/pages"}],"about":[{"href":"https:\/\/www.ganzheitlichepraxis-ennstal.at\/cms\/wp-json\/wp\/v2\/types\/page"}],"author":[{"embeddable":true,"href":"https:\/\/www.ganzheitlichepraxis-ennstal.at\/cms\/wp-json\/wp\/v2\/users\/4"}],"replies":[{"embeddable":true,"href":"https:\/\/www.ganzheitlichepraxis-ennstal.at\/cms\/wp-json\/wp\/v2\/comments?post=404"}],"version-history":[{"count":11,"href":"https:\/\/www.ganzheitlichepraxis-ennstal.at\/cms\/wp-json\/wp\/v2\/pages\/404\/revisions"}],"predecessor-version":[{"id":606,"href":"https:\/\/www.ganzheitlichepraxis-ennstal.at\/cms\/wp-json\/wp\/v2\/pages\/404\/revisions\/606"}],"wp:attachment":[{"href":"https:\/\/www.ganzheitlichepraxis-ennstal.at\/cms\/wp-json\/wp\/v2\/media?parent=404"}],"curies":[{"name":"wp","href":"https:\/\/api.w.org\/{rel}","templated":true}]}}