{"id":400,"date":"2020-08-29T08:21:00","date_gmt":"2020-08-29T07:21:00","guid":{"rendered":"http:\/\/www.ganzheitlichepraxis-ennstal.at\/cms\/?page_id=400"},"modified":"2020-09-22T20:04:34","modified_gmt":"2020-09-22T19:04:34","slug":"anwendungsgebiete","status":"publish","type":"page","link":"https:\/\/www.ganzheitlichepraxis-ennstal.at\/cms\/anwendungsgebiete\/","title":{"rendered":"Klassische Bioresonanz"},"content":{"rendered":"\n<ul class=\"wp-block-list\"><li>Austestung von energetischen Nahrungsmittelunvertr\u00e4glichkeiten:<br>Histamin-, Gluten-, Lactose- und Fruktoseunvertr\u00e4glichkeit uvm.<br><br><strong>Mit der Bioresonanz-Methode k\u00f6nnen energetische Unvertr\u00e4glichkeiten wieder vertr\u00e4glich gemacht werden!<\/strong><\/li><\/ul>\n\n\n\n<p><\/p>\n\n\n\n<div class=\"wp-block-columns is-layout-flex wp-container-core-columns-is-layout-1 wp-block-columns-is-layout-flex\">\n<div class=\"wp-block-column is-layout-flow wp-block-column-is-layout-flow\">\n<figure class=\"wp-block-image size-large\"><img loading=\"lazy\" decoding=\"async\" width=\"1024\" height=\"683\" src=\"https:\/\/www.ganzheitlichepraxis-ennstal.at\/cms\/wp-content\/uploads\/2020\/08\/anna-auza-SjHG8Ks_ncw-unsplash-min-1024x683.jpg\" alt=\"\" class=\"wp-image-509\" srcset=\"https:\/\/www.ganzheitlichepraxis-ennstal.at\/cms\/wp-content\/uploads\/2020\/08\/anna-auza-SjHG8Ks_ncw-unsplash-min-1024x683.jpg 1024w, https:\/\/www.ganzheitlichepraxis-ennstal.at\/cms\/wp-content\/uploads\/2020\/08\/anna-auza-SjHG8Ks_ncw-unsplash-min-300x200.jpg 300w, https:\/\/www.ganzheitlichepraxis-ennstal.at\/cms\/wp-content\/uploads\/2020\/08\/anna-auza-SjHG8Ks_ncw-unsplash-min-768x512.jpg 768w, https:\/\/www.ganzheitlichepraxis-ennstal.at\/cms\/wp-content\/uploads\/2020\/08\/anna-auza-SjHG8Ks_ncw-unsplash-min-1536x1024.jpg 1536w, https:\/\/www.ganzheitlichepraxis-ennstal.at\/cms\/wp-content\/uploads\/2020\/08\/anna-auza-SjHG8Ks_ncw-unsplash-min-2048x1365.jpg 2048w\" sizes=\"auto, (max-width: 1024px) 100vw, 1024px\" \/><\/figure>\n<\/div>\n\n\n\n<div class=\"wp-block-column is-layout-flow wp-block-column-is-layout-flow\">\n<figure class=\"wp-block-image size-large\"><img loading=\"lazy\" decoding=\"async\" width=\"1024\" height=\"777\" src=\"https:\/\/www.ganzheitlichepraxis-ennstal.at\/cms\/wp-content\/uploads\/2020\/08\/kelly-sikkema-RmByg5kFfQg-unsplash-min-1024x777.jpg\" alt=\"\" class=\"wp-image-510\" srcset=\"https:\/\/www.ganzheitlichepraxis-ennstal.at\/cms\/wp-content\/uploads\/2020\/08\/kelly-sikkema-RmByg5kFfQg-unsplash-min-1024x777.jpg 1024w, https:\/\/www.ganzheitlichepraxis-ennstal.at\/cms\/wp-content\/uploads\/2020\/08\/kelly-sikkema-RmByg5kFfQg-unsplash-min-300x228.jpg 300w, https:\/\/www.ganzheitlichepraxis-ennstal.at\/cms\/wp-content\/uploads\/2020\/08\/kelly-sikkema-RmByg5kFfQg-unsplash-min-768x582.jpg 768w, https:\/\/www.ganzheitlichepraxis-ennstal.at\/cms\/wp-content\/uploads\/2020\/08\/kelly-sikkema-RmByg5kFfQg-unsplash-min-1536x1165.jpg 1536w, https:\/\/www.ganzheitlichepraxis-ennstal.at\/cms\/wp-content\/uploads\/2020\/08\/kelly-sikkema-RmByg5kFfQg-unsplash-min-2048x1553.jpg 2048w\" sizes=\"auto, (max-width: 1024px) 100vw, 1024px\" \/><\/figure>\n<\/div>\n\n\n\n<div class=\"wp-block-column is-layout-flow wp-block-column-is-layout-flow\">\n<figure class=\"wp-block-image size-large\"><img loading=\"lazy\" decoding=\"async\" width=\"1024\" height=\"684\" src=\"https:\/\/www.ganzheitlichepraxis-ennstal.at\/cms\/wp-content\/uploads\/2020\/08\/ben-white-7SRymDKKDus-unsplash-min-1024x684.jpg\" alt=\"\" class=\"wp-image-511\" srcset=\"https:\/\/www.ganzheitlichepraxis-ennstal.at\/cms\/wp-content\/uploads\/2020\/08\/ben-white-7SRymDKKDus-unsplash-min-1024x684.jpg 1024w, https:\/\/www.ganzheitlichepraxis-ennstal.at\/cms\/wp-content\/uploads\/2020\/08\/ben-white-7SRymDKKDus-unsplash-min-300x200.jpg 300w, https:\/\/www.ganzheitlichepraxis-ennstal.at\/cms\/wp-content\/uploads\/2020\/08\/ben-white-7SRymDKKDus-unsplash-min-768x513.jpg 768w, https:\/\/www.ganzheitlichepraxis-ennstal.at\/cms\/wp-content\/uploads\/2020\/08\/ben-white-7SRymDKKDus-unsplash-min-1536x1025.jpg 1536w, https:\/\/www.ganzheitlichepraxis-ennstal.at\/cms\/wp-content\/uploads\/2020\/08\/ben-white-7SRymDKKDus-unsplash-min-2048x1367.jpg 2048w\" sizes=\"auto, (max-width: 1024px) 100vw, 1024px\" \/><\/figure>\n<\/div>\n<\/div>\n\n\n\n<ul class=\"wp-block-list\"><li>Akute und chronische (allergische) Erkrankungen: <br>Heuschnupfen, Pollinose, Magen-Darmbeschwerden, Verstopfung<\/li><\/ul>\n\n\n\n<ul class=\"wp-block-list\"><li>Hautprobleme: Ekzeme, Neurodermitis, Schuppenflechte, Akne rosacea, Cellulite<\/li><\/ul>\n\n\n\n<ul class=\"wp-block-list\"><li>Akute und chronische Schmerzen und Entz\u00fcndungen:<br>R\u00fcckenschmerzen, Verspannungen, Migr\u00e4ne, Kopfschmerzen, Neuralgien, Gelenksschmerzen, Rheuma\/Arthritis, Multiple Sklerose<\/li><li>Sportverletzungen, Verletzungen, Br\u00fcche, Zerrungen<\/li><\/ul>\n\n\n\n<ul class=\"wp-block-list\"><li>Chronische M\u00fcdigkeit, Ersch\u00f6pfungszust\u00e4nde bis hin zu&nbsp;Burn Out,&nbsp; Depressionen, Schlafst\u00f6rungen<\/li><\/ul>\n\n\n\n<ul class=\"wp-block-list\"><li>Erkrankung der Atemwege (Asthma, COPD)<\/li><li>Herz-Kreislaufst\u00f6rungen und Stoffwechselkrankheiten&nbsp;<br>(Diabetes, Hashimoto-Thyreoiditis, Schilddr\u00fcsen\u00fcberfunktion, Schilddr\u00fcsenunterfunktion, Gicht)<\/li><\/ul>\n\n\n\n<ul class=\"wp-block-list\"><li>Hormonelle St\u00f6rungen, Wechselbeschwerden, Haarausfall<\/li><li>Ohrger\u00e4usche, Tinnitus<\/li><\/ul>\n\n\n\n<ul class=\"wp-block-list\"><li>Geburtsvorbereitung<\/li><\/ul>\n","protected":false},"excerpt":{"rendered":"<p>Austestung von energetischen Nahrungsmittelunvertr\u00e4glichkeiten:Histamin-, Gluten-, Lactose- und Fruktoseunvertr\u00e4glichkeit uvm. Mit der Bioresonanz-Methode k\u00f6nnen energetische Unvertr\u00e4glichkeiten wieder vertr\u00e4glich gemacht werden! Akute und chronische (allergische) Erkrankungen: Heuschnupfen, Pollinose, Magen-Darmbeschwerden, Verstopfung Hautprobleme: Ekzeme, Neurodermitis, Schuppenflechte, Akne rosacea, Cellulite Akute und chronische Schmerzen und Entz\u00fcndungen:R\u00fcckenschmerzen, Verspannungen, Migr\u00e4ne, Kopfschmerzen, Neuralgien, Gelenksschmerzen, Rheuma\/Arthritis, Multiple Sklerose Sportverletzungen, [&hellip;]<\/p>\n","protected":false},"author":4,"featured_media":0,"parent":0,"menu_order":0,"comment_status":"closed","ping_status":"closed","template":"","meta":{"footnotes":""},"class_list":["post-400","page","type-page","status-publish","hentry"],"_links":{"self":[{"href":"https:\/\/www.ganzheitlichepraxis-ennstal.at\/cms\/wp-json\/wp\/v2\/pages\/400","targetHints":{"allow":["GET"]}}],"collection":[{"href":"https:\/\/www.ganzheitlichepraxis-ennstal.at\/cms\/wp-json\/wp\/v2\/pages"}],"about":[{"href":"https:\/\/www.ganzheitlichepraxis-ennstal.at\/cms\/wp-json\/wp\/v2\/types\/page"}],"author":[{"embeddable":true,"href":"https:\/\/www.ganzheitlichepraxis-ennstal.at\/cms\/wp-json\/wp\/v2\/users\/4"}],"replies":[{"embeddable":true,"href":"https:\/\/www.ganzheitlichepraxis-ennstal.at\/cms\/wp-json\/wp\/v2\/comments?post=400"}],"version-history":[{"count":11,"href":"https:\/\/www.ganzheitlichepraxis-ennstal.at\/cms\/wp-json\/wp\/v2\/pages\/400\/revisions"}],"predecessor-version":[{"id":650,"href":"https:\/\/www.ganzheitlichepraxis-ennstal.at\/cms\/wp-json\/wp\/v2\/pages\/400\/revisions\/650"}],"wp:attachment":[{"href":"https:\/\/www.ganzheitlichepraxis-ennstal.at\/cms\/wp-json\/wp\/v2\/media?parent=400"}],"curies":[{"name":"wp","href":"https:\/\/api.w.org\/{rel}","templated":true}]}}