{"id":397,"date":"2020-08-29T12:44:00","date_gmt":"2020-08-29T11:44:00","guid":{"rendered":"http:\/\/www.ganzheitlichepraxis-ennstal.at\/cms\/?page_id=397"},"modified":"2020-08-29T21:09:28","modified_gmt":"2020-08-29T20:09:28","slug":"arbeitsweise","status":"publish","type":"page","link":"https:\/\/www.ganzheitlichepraxis-ennstal.at\/cms\/arbeitsweise\/","title":{"rendered":"Bioresonanz-Methode"},"content":{"rendered":"\n<div class=\"wp-block-columns is-layout-flex wp-container-core-columns-is-layout-1 wp-block-columns-is-layout-flex\">\n<div class=\"wp-block-column is-layout-flow wp-block-column-is-layout-flow\">\n<figure class=\"wp-block-image size-large\"><img loading=\"lazy\" decoding=\"async\" width=\"1024\" height=\"576\" src=\"https:\/\/www.ganzheitlichepraxis-ennstal.at\/cms\/wp-content\/uploads\/2020\/08\/20150730_101444-1024x576.jpg\" alt=\"\" class=\"wp-image-503\" srcset=\"https:\/\/www.ganzheitlichepraxis-ennstal.at\/cms\/wp-content\/uploads\/2020\/08\/20150730_101444-1024x576.jpg 1024w, https:\/\/www.ganzheitlichepraxis-ennstal.at\/cms\/wp-content\/uploads\/2020\/08\/20150730_101444-300x169.jpg 300w, https:\/\/www.ganzheitlichepraxis-ennstal.at\/cms\/wp-content\/uploads\/2020\/08\/20150730_101444-768x432.jpg 768w, https:\/\/www.ganzheitlichepraxis-ennstal.at\/cms\/wp-content\/uploads\/2020\/08\/20150730_101444.jpg 1280w\" sizes=\"auto, (max-width: 1024px) 100vw, 1024px\" \/><\/figure>\n<\/div>\n\n\n\n<div class=\"wp-block-column is-layout-flow wp-block-column-is-layout-flow\">\n<figure class=\"wp-block-image size-large\"><img loading=\"lazy\" decoding=\"async\" width=\"224\" height=\"168\" src=\"https:\/\/www.ganzheitlichepraxis-ennstal.at\/cms\/wp-content\/uploads\/2015\/12\/optima.jpg\" alt=\"\" class=\"wp-image-73\"\/><\/figure>\n<\/div>\n\n\n\n<div class=\"wp-block-column is-layout-flow wp-block-column-is-layout-flow\">\n<figure class=\"wp-block-image size-large\"><img loading=\"lazy\" decoding=\"async\" width=\"600\" height=\"393\" src=\"https:\/\/www.ganzheitlichepraxis-ennstal.at\/cms\/wp-content\/uploads\/2015\/12\/Funktionsweise_Bioresonanz.jpg\" alt=\"\" class=\"wp-image-56\" srcset=\"https:\/\/www.ganzheitlichepraxis-ennstal.at\/cms\/wp-content\/uploads\/2015\/12\/Funktionsweise_Bioresonanz.jpg 600w, https:\/\/www.ganzheitlichepraxis-ennstal.at\/cms\/wp-content\/uploads\/2015\/12\/Funktionsweise_Bioresonanz-300x197.jpg 300w\" sizes=\"auto, (max-width: 600px) 100vw, 600px\" \/><\/figure>\n<\/div>\n<\/div>\n\n\n\n<ul class=\"wp-block-list\"><li>Die BIORESONANZ<br>ist ein alternativmedizinisches Verfahren, <br>das den Menschen GANZHEITLICH erfasst<\/li><\/ul>\n\n\n\n<ul class=\"wp-block-list\"><li>Sie findet versteckte energetische:<br>Ursachen, St\u00f6rfelder und Unvertr\u00e4glichkeiten<\/li><\/ul>\n\n\n\n<ul class=\"wp-block-list\"><li>Sie hat das Ziel schadhafte Verursacher zu eliminieren und die Selbstheilungskr\u00e4fte zu aktivieren<\/li><\/ul>\n\n\n\n<ul class=\"wp-block-list\"><li>Toxine (Schwermetalle, Fungizide, &#8230;),<br>Chemikalien im Wohn-, Textil- und Nahrungsmittelbereich,<br>geopathische Belastungen (Strahlung, Elektrosmog, R\u00f6ntgenbelastung), Narbenst\u00f6rfelder  uvm.<br>k\u00f6nnen die Selbstregulation au\u00dfer Kraft setzen<\/li><\/ul>\n\n\n\n<ul class=\"wp-block-list\"><li>Zu viele und zu schwere Belastungen bringen das Fass zum \u00dcberlaufen und bedeuten ein gest\u00f6rtes Regulationssystem. Dies zeigt sich beispielsweise in&nbsp;Befindlichkeitsst\u00f6rungen, Leistungsschw\u00e4che, chronischer M\u00fcdigkeit, Allergien\/Unvertr\u00e4glichkeiten, chronischen Erkrankungen uvm. <\/li><\/ul>\n\n\n\n<ul class=\"wp-block-list\"><li>Die Bioresonanz-Therapie geschieht schmerzfrei, nebenwirkungsfrei und ohne Medikamente<\/li><\/ul>\n\n\n\n<p class=\"has-text-color has-text-align-left has-luminous-vivid-orange-color\">Die Bioresonanzmethode ist ein spezielles Diagnose- und Therapieverfahren, welches durch Quanten- und Biophysik best\u00e4tigt wird.<\/p>\n\n\n\n<ul class=\"wp-block-list\"><li>Sie ersetzt keine \u00e4rztliche Diagnose und Behandlung<\/li><\/ul>\n\n\n\n<p><\/p>\n\n\n\n<p><\/p>\n\n\n\n<p class=\"has-small-font-size\">Informationen&nbsp;f\u00fcr diese Webseite wurden aus den offiziellen Unterlagen der Firma&nbsp;Regumed (Regulative Medizintechnik GmbH, Hans-Cornelius-Stra\u00dfe 4,D-82166&nbsp;Gr\u00e4felfing) entnommen.<\/p>\n\n\n\n<div class=\"wp-block-buttons is-layout-flex wp-block-buttons-is-layout-flex\"><\/div>\n","protected":false},"excerpt":{"rendered":"<p>Die BIORESONANZist ein alternativmedizinisches Verfahren, das den Menschen GANZHEITLICH erfasst Sie findet versteckte energetische:Ursachen, St\u00f6rfelder und Unvertr\u00e4glichkeiten Sie hat das Ziel schadhafte Verursacher zu eliminieren und die Selbstheilungskr\u00e4fte zu aktivieren Toxine (Schwermetalle, Fungizide, &#8230;),Chemikalien im Wohn-, Textil- und Nahrungsmittelbereich,geopathische Belastungen (Strahlung, Elektrosmog, R\u00f6ntgenbelastung), Narbenst\u00f6rfelder uvm.k\u00f6nnen die Selbstregulation au\u00dfer Kraft setzen [&hellip;]<\/p>\n","protected":false},"author":4,"featured_media":0,"parent":0,"menu_order":0,"comment_status":"closed","ping_status":"closed","template":"","meta":{"footnotes":""},"class_list":["post-397","page","type-page","status-publish","hentry"],"_links":{"self":[{"href":"https:\/\/www.ganzheitlichepraxis-ennstal.at\/cms\/wp-json\/wp\/v2\/pages\/397","targetHints":{"allow":["GET"]}}],"collection":[{"href":"https:\/\/www.ganzheitlichepraxis-ennstal.at\/cms\/wp-json\/wp\/v2\/pages"}],"about":[{"href":"https:\/\/www.ganzheitlichepraxis-ennstal.at\/cms\/wp-json\/wp\/v2\/types\/page"}],"author":[{"embeddable":true,"href":"https:\/\/www.ganzheitlichepraxis-ennstal.at\/cms\/wp-json\/wp\/v2\/users\/4"}],"replies":[{"embeddable":true,"href":"https:\/\/www.ganzheitlichepraxis-ennstal.at\/cms\/wp-json\/wp\/v2\/comments?post=397"}],"version-history":[{"count":16,"href":"https:\/\/www.ganzheitlichepraxis-ennstal.at\/cms\/wp-json\/wp\/v2\/pages\/397\/revisions"}],"predecessor-version":[{"id":602,"href":"https:\/\/www.ganzheitlichepraxis-ennstal.at\/cms\/wp-json\/wp\/v2\/pages\/397\/revisions\/602"}],"wp:attachment":[{"href":"https:\/\/www.ganzheitlichepraxis-ennstal.at\/cms\/wp-json\/wp\/v2\/media?parent=397"}],"curies":[{"name":"wp","href":"https:\/\/api.w.org\/{rel}","templated":true}]}}