{"id":126,"date":"2016-02-22T10:35:36","date_gmt":"2016-02-22T09:35:36","guid":{"rendered":"http:\/\/www.bioresonanz-christoph.at\/?page_id=126"},"modified":"2020-09-22T20:24:36","modified_gmt":"2020-09-22T19:24:36","slug":"roswitha-habacher","status":"publish","type":"page","link":"https:\/\/www.ganzheitlichepraxis-ennstal.at\/cms\/team-ganhzeitliche-praxis-ennstal\/roswitha-habacher\/","title":{"rendered":"Roswitha Habacher"},"content":{"rendered":"\n<figure class=\"wp-block-image size-large is-style-default\"><img loading=\"lazy\" decoding=\"async\" width=\"683\" height=\"1024\" src=\"https:\/\/www.ganzheitlichepraxis-ennstal.at\/cms\/wp-content\/uploads\/2020\/09\/Roswitha_GPE-683x1024.jpg\" alt=\"\" class=\"wp-image-632\" srcset=\"https:\/\/www.ganzheitlichepraxis-ennstal.at\/cms\/wp-content\/uploads\/2020\/09\/Roswitha_GPE-683x1024.jpg 683w, https:\/\/www.ganzheitlichepraxis-ennstal.at\/cms\/wp-content\/uploads\/2020\/09\/Roswitha_GPE-200x300.jpg 200w, https:\/\/www.ganzheitlichepraxis-ennstal.at\/cms\/wp-content\/uploads\/2020\/09\/Roswitha_GPE-768x1152.jpg 768w, https:\/\/www.ganzheitlichepraxis-ennstal.at\/cms\/wp-content\/uploads\/2020\/09\/Roswitha_GPE-1024x1536.jpg 1024w, https:\/\/www.ganzheitlichepraxis-ennstal.at\/cms\/wp-content\/uploads\/2020\/09\/Roswitha_GPE-1365x2048.jpg 1365w, https:\/\/www.ganzheitlichepraxis-ennstal.at\/cms\/wp-content\/uploads\/2020\/09\/Roswitha_GPE-scaled.jpg 1707w\" sizes=\"auto, (max-width: 683px) 100vw, 683px\" \/><\/figure>\n\n\n<h3 style=\"text-align: center;\"><em>&#8222;Heilen kann nur der eigene K\u00f6rper, die Seele und der Geist. Andere Menschen oder Dinge k\u00f6nnen dazu helfen&#8220; (Dr. Ebo Rau).<\/em><\/h3>\n<p style=\"text-align: left;\"><span style=\"font-size: 14pt;\">Mein Name ist Roswitha Habacher und ich bin eine Therapeutin aus dem Team der Ganzheitlichen Praxis Ennstal.<\/span><\/p>\n<p style=\"text-align: center;\"><span style=\"background-color: #ffffff;\"><em><span style=\"font-size: 18pt; text-decoration: underline; background-color: #ffffff;\">Wie ich zur Bioresonanz gekommen bin:<\/span><\/em><\/span><\/p>\n<p style=\"text-align: left;\"><span style=\"font-size: 14pt;\">Ich bin nebenberuflich als Bioresonanz-Therapeutin t\u00e4tig, weil ich \u00fcberzeugt von dieser Methode bin und ich selbst schon tolle Erfahrungen sammeln konnte.<\/span><\/p>\n<p style=\"text-align: left;\"><span style=\"font-size: 14pt;\">Beispielsweise hatte ich eine stark ger\u00f6tete Augenentz\u00fcndung, nach\u00a0einer Behandlung ist diese\u00a0bereits nach einem Tag schmerzlos und ohne Medikamente abgeklungen und nach einer einzigen Fieberblasenbehandlung mit dem BICOM-Ger\u00e4t bin ich bereits seit sechs Jahren &#8222;fieberblasenfrei&#8220;.<\/span><\/p>\n<p style=\"text-align: left;\"><span style=\"font-size: 14pt;\">Auch meine Familie und meine Klienten sind \u00e4u\u00dferst zufrieden mit der schmerzlosen M\u00f6glichkeit, Beschwerden zu lindern bzw. zur G\u00e4nze verschwinden zu lassen.<\/span><\/p>\n<p style=\"text-align: left;\"><span style=\"font-size: 14pt;\">Bei einem Mitglied meiner Familie konnte der Arzt nur die Diagnose Reizdarmsyndrom stellen, aber keine zufriedenstellende Therapie anbieten. Mit der <a href=\"http:\/\/www.bioresonanz-christoph.at\/die-bicom-bioresonanz-methode-bioresonanz-christoph\/\">Bioresonanz-Therapie <\/a>konnten die leidvollen Bauchschmerzen und Bl\u00e4hungen auf ein Minimum reduziert werden, wobei erw\u00e4hnt werden muss, dass dzt. noch eine gewisse Ern\u00e4hrungsform eingehalten werden muss.<\/span><\/p>\n<p style=\"text-align: left;\"><span style=\"font-size: 14pt;\">Gerade diese Erfolge erf\u00fcllen mich mit Freude, weil es mir ein Anliegen ist, Menschen zu helfen wieder gesund zu werden. 2009 habe ich\u00a0auch die Diplomausbildung zur Humanenergetikerin absolviert und gro\u00dfes Wissen in Kr\u00e4uterheilkunde, Edelsteinkunde, Handauflegen, Pendeln, Ruten gehen, Farbenlehre uvm. gesammelt. All dies flie\u00dft in meine Bioresonanzbehandlungen mit ein.<\/span><\/p>\n<p style=\"text-align: center;\"><span style=\"font-size: 18pt;\">Ich w\u00fcrde mich freuen, auch Ihnen helfen zu k\u00f6nnen!<\/span><\/p>\n<p style=\"text-align: center;\"><span style=\"font-size: 18pt;\">Ihre Roswitha Habacher<\/span><\/p>\n<p style=\"text-align: center;\"><span style=\"font-size: 18pt;\">+436764754320<\/span><\/p>\n<p style=\"text-align: left;\"><strong>\u00a0<\/strong><\/p>","protected":false},"excerpt":{"rendered":"<p>&#8222;Heilen kann nur der eigene K\u00f6rper, die Seele und der Geist. Andere Menschen oder Dinge k\u00f6nnen dazu helfen&#8220; (Dr. Ebo Rau). Mein Name ist Roswitha Habacher und ich bin eine Therapeutin aus dem Team der Ganzheitlichen Praxis Ennstal. Wie ich zur Bioresonanz gekommen bin: Ich bin nebenberuflich als Bioresonanz-Therapeutin t\u00e4tig, [&hellip;]<\/p>\n","protected":false},"author":2,"featured_media":0,"parent":139,"menu_order":0,"comment_status":"closed","ping_status":"closed","template":"","meta":{"footnotes":""},"class_list":["post-126","page","type-page","status-publish","hentry"],"_links":{"self":[{"href":"https:\/\/www.ganzheitlichepraxis-ennstal.at\/cms\/wp-json\/wp\/v2\/pages\/126","targetHints":{"allow":["GET"]}}],"collection":[{"href":"https:\/\/www.ganzheitlichepraxis-ennstal.at\/cms\/wp-json\/wp\/v2\/pages"}],"about":[{"href":"https:\/\/www.ganzheitlichepraxis-ennstal.at\/cms\/wp-json\/wp\/v2\/types\/page"}],"author":[{"embeddable":true,"href":"https:\/\/www.ganzheitlichepraxis-ennstal.at\/cms\/wp-json\/wp\/v2\/users\/2"}],"replies":[{"embeddable":true,"href":"https:\/\/www.ganzheitlichepraxis-ennstal.at\/cms\/wp-json\/wp\/v2\/comments?post=126"}],"version-history":[{"count":35,"href":"https:\/\/www.ganzheitlichepraxis-ennstal.at\/cms\/wp-json\/wp\/v2\/pages\/126\/revisions"}],"predecessor-version":[{"id":664,"href":"https:\/\/www.ganzheitlichepraxis-ennstal.at\/cms\/wp-json\/wp\/v2\/pages\/126\/revisions\/664"}],"up":[{"embeddable":true,"href":"https:\/\/www.ganzheitlichepraxis-ennstal.at\/cms\/wp-json\/wp\/v2\/pages\/139"}],"wp:attachment":[{"href":"https:\/\/www.ganzheitlichepraxis-ennstal.at\/cms\/wp-json\/wp\/v2\/media?parent=126"}],"curies":[{"name":"wp","href":"https:\/\/api.w.org\/{rel}","templated":true}]}}